{"id":85,"date":"2023-10-02T18:11:46","date_gmt":"2023-10-02T18:11:46","guid":{"rendered":"https:\/\/web.techosymetales.com\/?page_id=85"},"modified":"2023-12-09T19:08:20","modified_gmt":"2023-12-09T19:08:20","slug":"contactenos","status":"publish","type":"page","link":"https:\/\/techosymetales.com\/?page_id=85","title":{"rendered":"Cont\u00e1ctenos"},"content":{"rendered":"<p><!--themify_builder_static--><\/p>\n<h2>Cont\u00e1ctenos<\/h2>\n<p><iframe src=\"https:\/\/www.google.com\/maps\/embed?pb=!1m18!1m12!1m3!1d3861.353622021099!2d-89.35230412425194!3d14.578914885904812!2m3!1f0!2f0!3f0!3m2!1i1024!2i768!4f13.1!3m3!1m2!1s0x8f63b52c672ae1c7%3A0xd67b057b96c48160!2sTechos%20y%20Metales%20de%20Oriente%20S.A.!5e0!3m2!1ses-419!2sgt!4v1702148279386!5m2!1ses-419!2sgt\" width=\"600\" height=\"450\" style=\"border:0;\" allowfullscreen=\"\" loading=\"lazy\" referrerpolicy=\"no-referrer-when-downgrade\"><\/iframe><br \/>\n<em style=\"background-color:#00006a;color:#edf3ff\"><svg aria-hidden=\"true\"><use href=\"#tf-fas-phone-alt\"><\/use><\/svg><\/em> Ll\u00e1menos<\/p>\n<p>(502) 3286-1779<\/p>\n<p>(502) 5432-1107<\/p>\n<p><em style=\"background-color:#00006a;color:#edf3ff\"><svg aria-hidden=\"true\"><use href=\"#tf-fas-location-dot\"><\/use><\/svg><\/em> Ubicaci\u00f3n<\/p>\n<p>Bodegas Centrales<\/p>\n<p>Zona 1, Barrio Pashapa<\/p>\n<p>Esquipulas, Chiquimula<\/p>\n<p><em style=\"background-color:#00006a;color:#edf3ff\"><svg aria-hidden=\"true\"><use href=\"#tf-fas-envelope-open\"><\/use><\/svg><\/em> Correo electr\u00f3nico<\/p>\n<p>ventas@techosymetales.com<\/p>\n<p><em style=\"background-color:#00006a;color:#edf3ff\"><svg aria-hidden=\"true\"><use href=\"#tf-fas-clock\"><\/use><\/svg><\/em> Horarios<\/p>\n<p>Lunes a S\u00e1bado<\/p>\n<p>8:00 a.m. a 6:00 p.m.<\/p>\n<p><!--\/themify_builder_static--><\/p>\n","protected":false},"excerpt":{"rendered":"<p>Cont\u00e1ctenos Ll\u00e1menos (502) 3286-1779 (502) 5432-1107 Ubicaci\u00f3n Bodegas Centrales Zona 1, Barrio Pashapa Esquipulas, Chiquimula Correo electr\u00f3nico ventas@techosymetales.com Horarios Lunes a S\u00e1bado 8:00 a.m. a 6:00 p.m.<\/p>\n","protected":false},"author":1,"featured_media":0,"parent":0,"menu_order":0,"comment_status":"closed","ping_status":"closed","template":"","meta":{"footnotes":""},"class_list":["post-85","page","type-page","status-publish","hentry","has-post-title","has-post-date","has-post-category","has-post-tag","has-post-comment","has-post-author",""],"yoast_head":"<!-- This site is optimized with the Yoast SEO plugin v22.7 - https:\/\/yoast.com\/wordpress\/plugins\/seo\/ -->\n<title>Cont\u00e1ctenos - Techos y Metales<\/title>\n<meta name=\"robots\" content=\"index, follow, max-snippet:-1, max-image-preview:large, max-video-preview:-1\" \/>\n<link rel=\"canonical\" href=\"https:\/\/techosymetales.com\/?page_id=85\" \/>\n<meta property=\"og:locale\" content=\"es_ES\" \/>\n<meta property=\"og:type\" content=\"article\" \/>\n<meta property=\"og:title\" content=\"Cont\u00e1ctenos - Techos y Metales\" \/>\n<meta property=\"og:description\" content=\"Cont\u00e1ctenos Ll\u00e1menos (502) 3286-1779 (502) 5432-1107 Ubicaci\u00f3n Bodegas Centrales Zona 1, Barrio Pashapa Esquipulas, Chiquimula Correo electr\u00f3nico ventas@techosymetales.com Horarios Lunes a S\u00e1bado 8:00 a.m. a 6:00 p.m.\" \/>\n<meta property=\"og:url\" content=\"https:\/\/techosymetales.com\/?page_id=85\" \/>\n<meta property=\"og:site_name\" content=\"Techos y Metales\" \/>\n<meta property=\"article:modified_time\" content=\"2023-12-09T19:08:20+00:00\" \/>\n<meta property=\"og:image\" content=\"https:\/\/techosymetales.com\/wp-content\/uploads\/2023\/10\/TYMSA-Yoast.jpg\" \/>\n\t<meta property=\"og:image:width\" content=\"600\" \/>\n\t<meta property=\"og:image:height\" content=\"400\" \/>\n\t<meta property=\"og:image:type\" content=\"image\/jpeg\" \/>\n<meta name=\"twitter:card\" content=\"summary_large_image\" \/>\n<script type=\"application\/ld+json\" class=\"yoast-schema-graph\">{\"@context\":\"https:\/\/schema.org\",\"@graph\":[{\"@type\":\"WebPage\",\"@id\":\"https:\/\/techosymetales.com\/?page_id=85\",\"url\":\"https:\/\/techosymetales.com\/?page_id=85\",\"name\":\"Cont\u00e1ctenos - Techos y Metales\",\"isPartOf\":{\"@id\":\"https:\/\/techosymetales.com\/#website\"},\"datePublished\":\"2023-10-02T18:11:46+00:00\",\"dateModified\":\"2023-12-09T19:08:20+00:00\",\"breadcrumb\":{\"@id\":\"https:\/\/techosymetales.com\/?page_id=85#breadcrumb\"},\"inLanguage\":\"es\",\"potentialAction\":[{\"@type\":\"ReadAction\",\"target\":[\"https:\/\/techosymetales.com\/?page_id=85\"]}]},{\"@type\":\"BreadcrumbList\",\"@id\":\"https:\/\/techosymetales.com\/?page_id=85#breadcrumb\",\"itemListElement\":[{\"@type\":\"ListItem\",\"position\":1,\"name\":\"Home\",\"item\":\"https:\/\/techosymetales.com\/\"},{\"@type\":\"ListItem\",\"position\":2,\"name\":\"Cont\u00e1ctenos\"}]},{\"@type\":\"WebSite\",\"@id\":\"https:\/\/techosymetales.com\/#website\",\"url\":\"https:\/\/techosymetales.com\/\",\"name\":\"Techos y Metales\",\"description\":\"Techos y Metales\",\"publisher\":{\"@id\":\"https:\/\/techosymetales.com\/#organization\"},\"potentialAction\":[{\"@type\":\"SearchAction\",\"target\":{\"@type\":\"EntryPoint\",\"urlTemplate\":\"https:\/\/techosymetales.com\/?s={search_term_string}\"},\"query-input\":\"required name=search_term_string\"}],\"inLanguage\":\"es\"},{\"@type\":\"Organization\",\"@id\":\"https:\/\/techosymetales.com\/#organization\",\"name\":\"Techos y Metales S.A.\",\"url\":\"https:\/\/techosymetales.com\/\",\"logo\":{\"@type\":\"ImageObject\",\"inLanguage\":\"es\",\"@id\":\"https:\/\/techosymetales.com\/#\/schema\/logo\/image\/\",\"url\":\"https:\/\/techosymetales.com\/wp-content\/uploads\/2023\/09\/SIN-DATOS-GRANDE-f05b2429d2f8a828e18c9b6a19173c6a.png\",\"contentUrl\":\"https:\/\/techosymetales.com\/wp-content\/uploads\/2023\/09\/SIN-DATOS-GRANDE-f05b2429d2f8a828e18c9b6a19173c6a.png\",\"width\":709,\"height\":675,\"caption\":\"Techos y Metales S.A.\"},\"image\":{\"@id\":\"https:\/\/techosymetales.com\/#\/schema\/logo\/image\/\"}}]}<\/script>\n<!-- \/ Yoast SEO plugin. -->","yoast_head_json":{"title":"Cont\u00e1ctenos - Techos y Metales","robots":{"index":"index","follow":"follow","max-snippet":"max-snippet:-1","max-image-preview":"max-image-preview:large","max-video-preview":"max-video-preview:-1"},"canonical":"https:\/\/techosymetales.com\/?page_id=85","og_locale":"es_ES","og_type":"article","og_title":"Cont\u00e1ctenos - Techos y Metales","og_description":"Cont\u00e1ctenos Ll\u00e1menos (502) 3286-1779 (502) 5432-1107 Ubicaci\u00f3n Bodegas Centrales Zona 1, Barrio Pashapa Esquipulas, Chiquimula Correo electr\u00f3nico ventas@techosymetales.com Horarios Lunes a S\u00e1bado 8:00 a.m. a 6:00 p.m.","og_url":"https:\/\/techosymetales.com\/?page_id=85","og_site_name":"Techos y Metales","article_modified_time":"2023-12-09T19:08:20+00:00","og_image":[{"width":600,"height":400,"url":"https:\/\/techosymetales.com\/wp-content\/uploads\/2023\/10\/TYMSA-Yoast.jpg","type":"image\/jpeg"}],"twitter_card":"summary_large_image","schema":{"@context":"https:\/\/schema.org","@graph":[{"@type":"WebPage","@id":"https:\/\/techosymetales.com\/?page_id=85","url":"https:\/\/techosymetales.com\/?page_id=85","name":"Cont\u00e1ctenos - Techos y Metales","isPartOf":{"@id":"https:\/\/techosymetales.com\/#website"},"datePublished":"2023-10-02T18:11:46+00:00","dateModified":"2023-12-09T19:08:20+00:00","breadcrumb":{"@id":"https:\/\/techosymetales.com\/?page_id=85#breadcrumb"},"inLanguage":"es","potentialAction":[{"@type":"ReadAction","target":["https:\/\/techosymetales.com\/?page_id=85"]}]},{"@type":"BreadcrumbList","@id":"https:\/\/techosymetales.com\/?page_id=85#breadcrumb","itemListElement":[{"@type":"ListItem","position":1,"name":"Home","item":"https:\/\/techosymetales.com\/"},{"@type":"ListItem","position":2,"name":"Cont\u00e1ctenos"}]},{"@type":"WebSite","@id":"https:\/\/techosymetales.com\/#website","url":"https:\/\/techosymetales.com\/","name":"Techos y Metales","description":"Techos y Metales","publisher":{"@id":"https:\/\/techosymetales.com\/#organization"},"potentialAction":[{"@type":"SearchAction","target":{"@type":"EntryPoint","urlTemplate":"https:\/\/techosymetales.com\/?s={search_term_string}"},"query-input":"required name=search_term_string"}],"inLanguage":"es"},{"@type":"Organization","@id":"https:\/\/techosymetales.com\/#organization","name":"Techos y Metales S.A.","url":"https:\/\/techosymetales.com\/","logo":{"@type":"ImageObject","inLanguage":"es","@id":"https:\/\/techosymetales.com\/#\/schema\/logo\/image\/","url":"https:\/\/techosymetales.com\/wp-content\/uploads\/2023\/09\/SIN-DATOS-GRANDE-f05b2429d2f8a828e18c9b6a19173c6a.png","contentUrl":"https:\/\/techosymetales.com\/wp-content\/uploads\/2023\/09\/SIN-DATOS-GRANDE-f05b2429d2f8a828e18c9b6a19173c6a.png","width":709,"height":675,"caption":"Techos y Metales S.A."},"image":{"@id":"https:\/\/techosymetales.com\/#\/schema\/logo\/image\/"}}]}},"builder_content":"<h2><br\/>Cont\u00e1ctenos<\/h2>\n<iframe src=\"https:\/\/www.google.com\/maps\/embed?pb=!1m18!1m12!1m3!1d3861.353622021099!2d-89.35230412425194!3d14.578914885904812!2m3!1f0!2f0!3f0!3m2!1i1024!2i768!4f13.1!3m3!1m2!1s0x8f63b52c672ae1c7%3A0xd67b057b96c48160!2sTechos%20y%20Metales%20de%20Oriente%20S.A.!5e0!3m2!1ses-419!2sgt!4v1702148279386!5m2!1ses-419!2sgt\" width=\"600\" height=\"450\" style=\"border:0;\" allowfullscreen=\"\" loading=\"lazy\" referrerpolicy=\"no-referrer-when-downgrade\"><\/iframe>\n<em style=\"background-color:#00006a;color:#edf3ff\" ><svg xmlns:xlink=\"http:\/\/www.w3.org\/1999\/xlink\" aria-hidden=\"true\"><use href=\"#tf-fas-phone-alt\" xlink:href=\"#tf-fas-phone-alt\"><\/use><\/svg><\/em> Ll\u00e1menos\n<p>(502) 3286-1779<\/p> <p>(502) 5432-1107<\/p>\n<em style=\"background-color:#00006a;color:#edf3ff\" ><svg xmlns:xlink=\"http:\/\/www.w3.org\/1999\/xlink\" aria-hidden=\"true\"><use href=\"#tf-fas-location-dot\" xlink:href=\"#tf-fas-location-dot\"><\/use><\/svg><\/em> Ubicaci\u00f3n\n<p>Bodegas Centrales<\/p> <p>Zona 1, Barrio Pashapa<\/p> <p>Esquipulas, Chiquimula<\/p>\n<em style=\"background-color:#00006a;color:#edf3ff\" ><svg xmlns:xlink=\"http:\/\/www.w3.org\/1999\/xlink\" aria-hidden=\"true\"><use href=\"#tf-fas-envelope-open\" xlink:href=\"#tf-fas-envelope-open\"><\/use><\/svg><\/em> Correo electr\u00f3nico\n<p>ventas@techosymetales.com<\/p>\n<em style=\"background-color:#00006a;color:#edf3ff\" ><svg xmlns:xlink=\"http:\/\/www.w3.org\/1999\/xlink\" aria-hidden=\"true\"><use href=\"#tf-fas-clock\" xlink:href=\"#tf-fas-clock\"><\/use><\/svg><\/em> Horarios\n<p>Lunes a S\u00e1bado<\/p> <p>8:00 a.m. a 6:00 p.m.<\/p>","_links":{"self":[{"href":"https:\/\/techosymetales.com\/index.php?rest_route=\/wp\/v2\/pages\/85","targetHints":{"allow":["GET"]}}],"collection":[{"href":"https:\/\/techosymetales.com\/index.php?rest_route=\/wp\/v2\/pages"}],"about":[{"href":"https:\/\/techosymetales.com\/index.php?rest_route=\/wp\/v2\/types\/page"}],"author":[{"embeddable":true,"href":"https:\/\/techosymetales.com\/index.php?rest_route=\/wp\/v2\/users\/1"}],"replies":[{"embeddable":true,"href":"https:\/\/techosymetales.com\/index.php?rest_route=%2Fwp%2Fv2%2Fcomments&post=85"}],"version-history":[{"count":2,"href":"https:\/\/techosymetales.com\/index.php?rest_route=\/wp\/v2\/pages\/85\/revisions"}],"predecessor-version":[{"id":124,"href":"https:\/\/techosymetales.com\/index.php?rest_route=\/wp\/v2\/pages\/85\/revisions\/124"}],"wp:attachment":[{"href":"https:\/\/techosymetales.com\/index.php?rest_route=%2Fwp%2Fv2%2Fmedia&parent=85"}],"curies":[{"name":"wp","href":"https:\/\/api.w.org\/{rel}","templated":true}]}}