{"id":159,"date":"2024-04-11T15:28:11","date_gmt":"2024-04-11T21:28:11","guid":{"rendered":"https:\/\/techosymetales.com\/?page_id=159"},"modified":"2024-04-11T15:36:33","modified_gmt":"2024-04-11T21:36:33","slug":"terminos-y-condiciones","status":"publish","type":"page","link":"https:\/\/techosymetales.com\/?page_id=159","title":{"rendered":"Terminos y Condiciones"},"content":{"rendered":"<p><!--themify_builder_static--><\/p>\n<h1>T\u00e9rminos y Condiciones<br \/><\/h1>\n<p>Estos t\u00e9rminos y condiciones rigen el uso de nuestros servicios en l\u00ednea proporcionados por Techos y Metales de Oriente S.A. Al acceder y utilizar nuestros servicios, aceptas los siguientes t\u00e9rminos:<\/p>\n<p>Servicios: Brindamos informaci\u00f3n y contenido a trav\u00e9s de nuestro sitio web y otras plataformas en l\u00ednea. Nuestros servicios no requieren la recopilaci\u00f3n de informaci\u00f3n personal de los usuarios.<\/p>\n<p>Uso Aceptable: Al acceder a nuestros servicios, te comprometes a utilizarlos de manera legal y conforme a estos t\u00e9rminos y condiciones.<\/p>\n<p>Propiedad Intelectual: Todo el contenido, dise\u00f1o y propiedad intelectual relacionada con nuestros servicios son propiedad exclusiva de Techos y Metales de Oriente S.A.<\/p>\n<p>Uso de Cookies: Podemos utilizar cookies y tecnolog\u00edas similares para mejorar la funcionalidad y el rendimiento de nuestro sitio web. Puedes ajustar la configuraci\u00f3n de cookies a trav\u00e9s de la configuraci\u00f3n de tu navegador.<\/p>\n<p>Responsabilidad: No somos responsables de ning\u00fan da\u00f1o directo, indirecto, incidental, especial o consecuente derivado del uso de nuestros servicios.<\/p>\n<p>Al utilizar nuestros servicios, aceptas estos t\u00e9rminos y condiciones. Si no est\u00e1s de acuerdo con estos t\u00e9rminos, te recomendamos que no utilices nuestros servicios.<\/p>\n<p>Para obtener m\u00e1s informaci\u00f3n o preguntas sobre estos t\u00e9rminos y condiciones, cont\u00e1ctanos a trav\u00e9s de <a href=\"mailto:info@techosymetales.com\">info@techosymetales.com<\/a><\/p>\n<p><!--\/themify_builder_static--><\/p>\n","protected":false},"excerpt":{"rendered":"<p>T\u00e9rminos y Condiciones Estos t\u00e9rminos y condiciones rigen el uso de nuestros servicios en l\u00ednea proporcionados por Techos y Metales de Oriente S.A. Al acceder y utilizar nuestros servicios, aceptas los siguientes t\u00e9rminos: Servicios: Brindamos informaci\u00f3n y contenido a trav\u00e9s de nuestro sitio web y otras plataformas en l\u00ednea. Nuestros servicios no requieren la recopilaci\u00f3n [&hellip;]<\/p>\n","protected":false},"author":1,"featured_media":0,"parent":0,"menu_order":0,"comment_status":"closed","ping_status":"closed","template":"","meta":{"footnotes":""},"class_list":["post-159","page","type-page","status-publish","hentry","has-post-title","has-post-date","has-post-category","has-post-tag","has-post-comment","has-post-author",""],"yoast_head":"<!-- This site is optimized with the Yoast SEO plugin v22.7 - https:\/\/yoast.com\/wordpress\/plugins\/seo\/ -->\n<title>Terminos y Condiciones - Techos y Metales<\/title>\n<meta name=\"robots\" content=\"index, follow, max-snippet:-1, max-image-preview:large, max-video-preview:-1\" \/>\n<link rel=\"canonical\" href=\"https:\/\/techosymetales.com\/?page_id=159\" \/>\n<meta property=\"og:locale\" content=\"es_ES\" \/>\n<meta property=\"og:type\" content=\"article\" \/>\n<meta property=\"og:title\" content=\"Terminos y Condiciones - Techos y Metales\" \/>\n<meta property=\"og:description\" content=\"T\u00e9rminos y Condiciones Estos t\u00e9rminos y condiciones rigen el uso de nuestros servicios en l\u00ednea proporcionados por Techos y Metales de Oriente S.A. Al acceder y utilizar nuestros servicios, aceptas los siguientes t\u00e9rminos: Servicios: Brindamos informaci\u00f3n y contenido a trav\u00e9s de nuestro sitio web y otras plataformas en l\u00ednea. Nuestros servicios no requieren la recopilaci\u00f3n [&hellip;]\" \/>\n<meta property=\"og:url\" content=\"https:\/\/techosymetales.com\/?page_id=159\" \/>\n<meta property=\"og:site_name\" content=\"Techos y Metales\" \/>\n<meta property=\"article:modified_time\" content=\"2024-04-11T21:36:33+00:00\" \/>\n<meta property=\"og:image\" content=\"https:\/\/techosymetales.com\/wp-content\/uploads\/2023\/10\/TYMSA-Yoast.jpg\" \/>\n\t<meta property=\"og:image:width\" content=\"600\" \/>\n\t<meta property=\"og:image:height\" content=\"400\" \/>\n\t<meta property=\"og:image:type\" content=\"image\/jpeg\" \/>\n<meta name=\"twitter:card\" content=\"summary_large_image\" \/>\n<script type=\"application\/ld+json\" class=\"yoast-schema-graph\">{\"@context\":\"https:\/\/schema.org\",\"@graph\":[{\"@type\":\"WebPage\",\"@id\":\"https:\/\/techosymetales.com\/?page_id=159\",\"url\":\"https:\/\/techosymetales.com\/?page_id=159\",\"name\":\"Terminos y Condiciones - Techos y Metales\",\"isPartOf\":{\"@id\":\"https:\/\/techosymetales.com\/#website\"},\"datePublished\":\"2024-04-11T21:28:11+00:00\",\"dateModified\":\"2024-04-11T21:36:33+00:00\",\"breadcrumb\":{\"@id\":\"https:\/\/techosymetales.com\/?page_id=159#breadcrumb\"},\"inLanguage\":\"es\",\"potentialAction\":[{\"@type\":\"ReadAction\",\"target\":[\"https:\/\/techosymetales.com\/?page_id=159\"]}]},{\"@type\":\"BreadcrumbList\",\"@id\":\"https:\/\/techosymetales.com\/?page_id=159#breadcrumb\",\"itemListElement\":[{\"@type\":\"ListItem\",\"position\":1,\"name\":\"Home\",\"item\":\"https:\/\/techosymetales.com\/\"},{\"@type\":\"ListItem\",\"position\":2,\"name\":\"Terminos y Condiciones\"}]},{\"@type\":\"WebSite\",\"@id\":\"https:\/\/techosymetales.com\/#website\",\"url\":\"https:\/\/techosymetales.com\/\",\"name\":\"Techos y Metales\",\"description\":\"Techos y Metales\",\"publisher\":{\"@id\":\"https:\/\/techosymetales.com\/#organization\"},\"potentialAction\":[{\"@type\":\"SearchAction\",\"target\":{\"@type\":\"EntryPoint\",\"urlTemplate\":\"https:\/\/techosymetales.com\/?s={search_term_string}\"},\"query-input\":\"required name=search_term_string\"}],\"inLanguage\":\"es\"},{\"@type\":\"Organization\",\"@id\":\"https:\/\/techosymetales.com\/#organization\",\"name\":\"Techos y Metales S.A.\",\"url\":\"https:\/\/techosymetales.com\/\",\"logo\":{\"@type\":\"ImageObject\",\"inLanguage\":\"es\",\"@id\":\"https:\/\/techosymetales.com\/#\/schema\/logo\/image\/\",\"url\":\"https:\/\/techosymetales.com\/wp-content\/uploads\/2023\/09\/SIN-DATOS-GRANDE-f05b2429d2f8a828e18c9b6a19173c6a.png\",\"contentUrl\":\"https:\/\/techosymetales.com\/wp-content\/uploads\/2023\/09\/SIN-DATOS-GRANDE-f05b2429d2f8a828e18c9b6a19173c6a.png\",\"width\":709,\"height\":675,\"caption\":\"Techos y Metales S.A.\"},\"image\":{\"@id\":\"https:\/\/techosymetales.com\/#\/schema\/logo\/image\/\"}}]}<\/script>\n<!-- \/ Yoast SEO plugin. -->","yoast_head_json":{"title":"Terminos y Condiciones - Techos y Metales","robots":{"index":"index","follow":"follow","max-snippet":"max-snippet:-1","max-image-preview":"max-image-preview:large","max-video-preview":"max-video-preview:-1"},"canonical":"https:\/\/techosymetales.com\/?page_id=159","og_locale":"es_ES","og_type":"article","og_title":"Terminos y Condiciones - Techos y Metales","og_description":"T\u00e9rminos y Condiciones Estos t\u00e9rminos y condiciones rigen el uso de nuestros servicios en l\u00ednea proporcionados por Techos y Metales de Oriente S.A. Al acceder y utilizar nuestros servicios, aceptas los siguientes t\u00e9rminos: Servicios: Brindamos informaci\u00f3n y contenido a trav\u00e9s de nuestro sitio web y otras plataformas en l\u00ednea. Nuestros servicios no requieren la recopilaci\u00f3n [&hellip;]","og_url":"https:\/\/techosymetales.com\/?page_id=159","og_site_name":"Techos y Metales","article_modified_time":"2024-04-11T21:36:33+00:00","og_image":[{"width":600,"height":400,"url":"https:\/\/techosymetales.com\/wp-content\/uploads\/2023\/10\/TYMSA-Yoast.jpg","type":"image\/jpeg"}],"twitter_card":"summary_large_image","schema":{"@context":"https:\/\/schema.org","@graph":[{"@type":"WebPage","@id":"https:\/\/techosymetales.com\/?page_id=159","url":"https:\/\/techosymetales.com\/?page_id=159","name":"Terminos y Condiciones - Techos y Metales","isPartOf":{"@id":"https:\/\/techosymetales.com\/#website"},"datePublished":"2024-04-11T21:28:11+00:00","dateModified":"2024-04-11T21:36:33+00:00","breadcrumb":{"@id":"https:\/\/techosymetales.com\/?page_id=159#breadcrumb"},"inLanguage":"es","potentialAction":[{"@type":"ReadAction","target":["https:\/\/techosymetales.com\/?page_id=159"]}]},{"@type":"BreadcrumbList","@id":"https:\/\/techosymetales.com\/?page_id=159#breadcrumb","itemListElement":[{"@type":"ListItem","position":1,"name":"Home","item":"https:\/\/techosymetales.com\/"},{"@type":"ListItem","position":2,"name":"Terminos y Condiciones"}]},{"@type":"WebSite","@id":"https:\/\/techosymetales.com\/#website","url":"https:\/\/techosymetales.com\/","name":"Techos y Metales","description":"Techos y Metales","publisher":{"@id":"https:\/\/techosymetales.com\/#organization"},"potentialAction":[{"@type":"SearchAction","target":{"@type":"EntryPoint","urlTemplate":"https:\/\/techosymetales.com\/?s={search_term_string}"},"query-input":"required name=search_term_string"}],"inLanguage":"es"},{"@type":"Organization","@id":"https:\/\/techosymetales.com\/#organization","name":"Techos y Metales S.A.","url":"https:\/\/techosymetales.com\/","logo":{"@type":"ImageObject","inLanguage":"es","@id":"https:\/\/techosymetales.com\/#\/schema\/logo\/image\/","url":"https:\/\/techosymetales.com\/wp-content\/uploads\/2023\/09\/SIN-DATOS-GRANDE-f05b2429d2f8a828e18c9b6a19173c6a.png","contentUrl":"https:\/\/techosymetales.com\/wp-content\/uploads\/2023\/09\/SIN-DATOS-GRANDE-f05b2429d2f8a828e18c9b6a19173c6a.png","width":709,"height":675,"caption":"Techos y Metales S.A."},"image":{"@id":"https:\/\/techosymetales.com\/#\/schema\/logo\/image\/"}}]}},"builder_content":"<h1>T\u00e9rminos y Condiciones<br\/><\/h1>\n<p>Estos t\u00e9rminos y condiciones rigen el uso de nuestros servicios en l\u00ednea proporcionados por Techos y Metales de Oriente S.A. Al acceder y utilizar nuestros servicios, aceptas los siguientes t\u00e9rminos:<\/p> <p>Servicios: Brindamos informaci\u00f3n y contenido a trav\u00e9s de nuestro sitio web y otras plataformas en l\u00ednea. Nuestros servicios no requieren la recopilaci\u00f3n de informaci\u00f3n personal de los usuarios.<\/p> <p>Uso Aceptable: Al acceder a nuestros servicios, te comprometes a utilizarlos de manera legal y conforme a estos t\u00e9rminos y condiciones.<\/p> <p>Propiedad Intelectual: Todo el contenido, dise\u00f1o y propiedad intelectual relacionada con nuestros servicios son propiedad exclusiva de Techos y Metales de Oriente S.A.<\/p> <p>Uso de Cookies: Podemos utilizar cookies y tecnolog\u00edas similares para mejorar la funcionalidad y el rendimiento de nuestro sitio web. Puedes ajustar la configuraci\u00f3n de cookies a trav\u00e9s de la configuraci\u00f3n de tu navegador.<\/p> <p>Responsabilidad: No somos responsables de ning\u00fan da\u00f1o directo, indirecto, incidental, especial o consecuente derivado del uso de nuestros servicios.<\/p> <p>Al utilizar nuestros servicios, aceptas estos t\u00e9rminos y condiciones. Si no est\u00e1s de acuerdo con estos t\u00e9rminos, te recomendamos que no utilices nuestros servicios.<\/p> <p>Para obtener m\u00e1s informaci\u00f3n o preguntas sobre estos t\u00e9rminos y condiciones, cont\u00e1ctanos a trav\u00e9s de <a href=\"mailto:info@techosymetales.com\">info@techosymetales.com<\/a><\/p>","_links":{"self":[{"href":"https:\/\/techosymetales.com\/index.php?rest_route=\/wp\/v2\/pages\/159","targetHints":{"allow":["GET"]}}],"collection":[{"href":"https:\/\/techosymetales.com\/index.php?rest_route=\/wp\/v2\/pages"}],"about":[{"href":"https:\/\/techosymetales.com\/index.php?rest_route=\/wp\/v2\/types\/page"}],"author":[{"embeddable":true,"href":"https:\/\/techosymetales.com\/index.php?rest_route=\/wp\/v2\/users\/1"}],"replies":[{"embeddable":true,"href":"https:\/\/techosymetales.com\/index.php?rest_route=%2Fwp%2Fv2%2Fcomments&post=159"}],"version-history":[{"count":9,"href":"https:\/\/techosymetales.com\/index.php?rest_route=\/wp\/v2\/pages\/159\/revisions"}],"predecessor-version":[{"id":168,"href":"https:\/\/techosymetales.com\/index.php?rest_route=\/wp\/v2\/pages\/159\/revisions\/168"}],"wp:attachment":[{"href":"https:\/\/techosymetales.com\/index.php?rest_route=%2Fwp%2Fv2%2Fmedia&parent=159"}],"curies":[{"name":"wp","href":"https:\/\/api.w.org\/{rel}","templated":true}]}}